{"id":7,"date":"2011-10-31T16:26:28","date_gmt":"2011-10-31T16:26:28","guid":{"rendered":"http:\/\/nordiskainomhusklimat.se\/?page_id=7"},"modified":"2022-02-22T21:04:18","modified_gmt":"2022-02-22T21:04:18","slug":"senaste-projekt","status":"publish","type":"page","link":"https:\/\/www.nordiskainomhusklimat.se\/?page_id=7","title":{"rendered":"Senaste projekt"},"content":{"rendered":"\n<p><strong>Sl\u00e4ttbergshallen Trollh\u00e4ttan<\/strong> <strong>Totalentreprenad<\/strong><\/p>\n\n\n\n<p>Best\u00e4llare Kynningsrud Bygg, Projekt\u00f6r Tretec Konsult, Styrentrepren\u00f6r Schneider Electric<\/p>\n\n\n\n<p>Om och tillbyggnad av ishall. Installation av tv\u00e5 ventilationssystem. Ett f\u00f6r ishall och ett f\u00f6r omkl\u00e4dningsrum, gym samt tillh\u00f6rande lokaler.<\/p>\n","protected":false},"excerpt":{"rendered":"<p>Sl\u00e4ttbergshallen Trollh\u00e4ttan Totalentreprenad Best\u00e4llare Kynningsrud Bygg, Projekt\u00f6r Tretec Konsult, Styrentrepren\u00f6r Schneider Electric Om och tillbyggnad av ishall. Installation av tv\u00e5 ventilationssystem. Ett f\u00f6r ishall och ett f\u00f6r omkl\u00e4dningsrum, gym samt tillh\u00f6rande lokaler.<\/p>\n","protected":false},"author":3,"featured_media":0,"parent":0,"menu_order":0,"comment_status":"open","ping_status":"open","template":"news-page.php","meta":[],"_links":{"self":[{"href":"https:\/\/www.nordiskainomhusklimat.se\/index.php?rest_route=\/wp\/v2\/pages\/7"}],"collection":[{"href":"https:\/\/www.nordiskainomhusklimat.se\/index.php?rest_route=\/wp\/v2\/pages"}],"about":[{"href":"https:\/\/www.nordiskainomhusklimat.se\/index.php?rest_route=\/wp\/v2\/types\/page"}],"author":[{"embeddable":true,"href":"https:\/\/www.nordiskainomhusklimat.se\/index.php?rest_route=\/wp\/v2\/users\/3"}],"replies":[{"embeddable":true,"href":"https:\/\/www.nordiskainomhusklimat.se\/index.php?rest_route=%2Fwp%2Fv2%2Fcomments&post=7"}],"version-history":[{"count":4,"href":"https:\/\/www.nordiskainomhusklimat.se\/index.php?rest_route=\/wp\/v2\/pages\/7\/revisions"}],"predecessor-version":[{"id":283,"href":"https:\/\/www.nordiskainomhusklimat.se\/index.php?rest_route=\/wp\/v2\/pages\/7\/revisions\/283"}],"wp:attachment":[{"href":"https:\/\/www.nordiskainomhusklimat.se\/index.php?rest_route=%2Fwp%2Fv2%2Fmedia&parent=7"}],"curies":[{"name":"wp","href":"https:\/\/api.w.org\/{rel}","templated":true}]}}