{"id":2,"date":"2011-10-31T17:02:30","date_gmt":"2011-10-31T17:02:30","guid":{"rendered":"http:\/\/nordiskainomhusklimat.se\/\/?page_id=2"},"modified":"2011-11-02T11:16:50","modified_gmt":"2011-11-02T11:16:50","slug":"about","status":"publish","type":"page","link":"https:\/\/www.nordiskainomhusklimat.se\/","title":{"rendered":"Hem"},"content":{"rendered":"<h1>OPTIMALT INOMHUSKLIMAT<\/h1>\n<p>Nordiska Inomhusklimat AB \u00e4r ett komplett entreprenad- och servicef\u00f6retag inom luftbehandling och ventilation.<\/p>\n<p>Utifr\u00e5n ett helhetsperspektiv hj\u00e4lper vi kommersiella fastighets\u00e4gare att uppn\u00e5 b\u00e4sta m\u00f6jliga inomhusklimat till l\u00e4gsta m\u00f6jliga kostnad.<\/p>\n<p>Vi utf\u00f6r allt fr\u00e5n mindre serviceuppdrag till kompletta totalentreprenader.<\/p>\n<p>Tillsammans med v\u00e5ra partners kan vi ta ansvar f\u00f6r hela processen. Fr\u00e5n behovsanalys till godk\u00e4nd OVK.<\/p>\n<p>V\u00e5ra uppdragsgivare \u00e4r i f\u00f6rsta hand fastighets\u00e4gare, byggnadsfirmor, industribolag och projektledningsf\u00f6retag.<\/p>\n","protected":false},"excerpt":{"rendered":"<p>OPTIMALT INOMHUSKLIMAT Nordiska Inomhusklimat AB \u00e4r ett komplett entreprenad- och servicef\u00f6retag inom luftbehandling och ventilation. Utifr\u00e5n ett helhetsperspektiv hj\u00e4lper vi kommersiella fastighets\u00e4gare att uppn\u00e5 b\u00e4sta m\u00f6jliga inomhusklimat till l\u00e4gsta m\u00f6jliga kostnad. Vi utf\u00f6r allt fr\u00e5n mindre serviceuppdrag till kompletta totalentreprenader. &hellip; <a href=\"https:\/\/www.nordiskainomhusklimat.se\/\">L\u00e4s mer &raquo;<\/a><\/p>\n","protected":false},"author":3,"featured_media":0,"parent":0,"menu_order":0,"comment_status":"open","ping_status":"open","template":"start-page.php","meta":[],"_links":{"self":[{"href":"https:\/\/www.nordiskainomhusklimat.se\/index.php?rest_route=\/wp\/v2\/pages\/2"}],"collection":[{"href":"https:\/\/www.nordiskainomhusklimat.se\/index.php?rest_route=\/wp\/v2\/pages"}],"about":[{"href":"https:\/\/www.nordiskainomhusklimat.se\/index.php?rest_route=\/wp\/v2\/types\/page"}],"author":[{"embeddable":true,"href":"https:\/\/www.nordiskainomhusklimat.se\/index.php?rest_route=\/wp\/v2\/users\/3"}],"replies":[{"embeddable":true,"href":"https:\/\/www.nordiskainomhusklimat.se\/index.php?rest_route=%2Fwp%2Fv2%2Fcomments&post=2"}],"version-history":[{"count":5,"href":"https:\/\/www.nordiskainomhusklimat.se\/index.php?rest_route=\/wp\/v2\/pages\/2\/revisions"}],"predecessor-version":[{"id":35,"href":"https:\/\/www.nordiskainomhusklimat.se\/index.php?rest_route=\/wp\/v2\/pages\/2\/revisions\/35"}],"wp:attachment":[{"href":"https:\/\/www.nordiskainomhusklimat.se\/index.php?rest_route=%2Fwp%2Fv2%2Fmedia&parent=2"}],"curies":[{"name":"wp","href":"https:\/\/api.w.org\/{rel}","templated":true}]}}