{"id":17,"date":"2011-10-31T16:27:30","date_gmt":"2011-10-31T16:27:30","guid":{"rendered":"http:\/\/nordiskainomhusklimat.se\/?page_id=17"},"modified":"2011-11-02T12:22:06","modified_gmt":"2011-11-02T12:22:06","slug":"service","status":"publish","type":"page","link":"https:\/\/www.nordiskainomhusklimat.se\/?page_id=17","title":{"rendered":"Service &#038; underh\u00e5ll"},"content":{"rendered":"<ul>\n<li>Service p\u00e5 alla typer av ventilationsanl\u00e4ggningar<\/li>\n<li>Serviceavtal med protokollf\u00f6rda servicebes\u00f6k<\/li>\n<li>Fels\u00f6kning i alla typer av ventilationssystem<\/li>\n<li>Energibesparings\u00e5tg\u00e4rder<\/li>\n<li>Utbyte av styrutrustning<\/li>\n<li>Leverans och byte av luftfilter och kontroll att r\u00e4tt filterklass anv\u00e4nds<\/li>\n<li>Utredningar med \u00e5tg\u00e4rdsf\u00f6rslag<\/li>\n<\/ul>\n","protected":false},"excerpt":{"rendered":"<p>Service p\u00e5 alla typer av ventilationsanl\u00e4ggningar Serviceavtal med protokollf\u00f6rda servicebes\u00f6k Fels\u00f6kning i alla typer av ventilationssystem Energibesparings\u00e5tg\u00e4rder Utbyte av styrutrustning Leverans och byte av luftfilter och kontroll att r\u00e4tt filterklass anv\u00e4nds Utredningar med \u00e5tg\u00e4rdsf\u00f6rslag<\/p>\n","protected":false},"author":3,"featured_media":72,"parent":0,"menu_order":0,"comment_status":"open","ping_status":"open","template":"","meta":[],"_links":{"self":[{"href":"https:\/\/www.nordiskainomhusklimat.se\/index.php?rest_route=\/wp\/v2\/pages\/17"}],"collection":[{"href":"https:\/\/www.nordiskainomhusklimat.se\/index.php?rest_route=\/wp\/v2\/pages"}],"about":[{"href":"https:\/\/www.nordiskainomhusklimat.se\/index.php?rest_route=\/wp\/v2\/types\/page"}],"author":[{"embeddable":true,"href":"https:\/\/www.nordiskainomhusklimat.se\/index.php?rest_route=\/wp\/v2\/users\/3"}],"replies":[{"embeddable":true,"href":"https:\/\/www.nordiskainomhusklimat.se\/index.php?rest_route=%2Fwp%2Fv2%2Fcomments&post=17"}],"version-history":[{"count":5,"href":"https:\/\/www.nordiskainomhusklimat.se\/index.php?rest_route=\/wp\/v2\/pages\/17\/revisions"}],"predecessor-version":[{"id":73,"href":"https:\/\/www.nordiskainomhusklimat.se\/index.php?rest_route=\/wp\/v2\/pages\/17\/revisions\/73"}],"wp:featuredmedia":[{"embeddable":true,"href":"https:\/\/www.nordiskainomhusklimat.se\/index.php?rest_route=\/wp\/v2\/media\/72"}],"wp:attachment":[{"href":"https:\/\/www.nordiskainomhusklimat.se\/index.php?rest_route=%2Fwp%2Fv2%2Fmedia&parent=17"}],"curies":[{"name":"wp","href":"https:\/\/api.w.org\/{rel}","templated":true}]}}