{"id":15,"date":"2011-10-31T16:27:20","date_gmt":"2011-10-31T16:27:20","guid":{"rendered":"http:\/\/nordiskainomhusklimat.se\/?page_id=15"},"modified":"2011-11-02T12:17:26","modified_gmt":"2011-11-02T12:17:26","slug":"injustering-och-ovk","status":"publish","type":"page","link":"https:\/\/www.nordiskainomhusklimat.se\/?page_id=15","title":{"rendered":"Injustering &#038; OVK"},"content":{"rendered":"<p><strong>Injustering<\/strong><br \/>\nVi injusterar nya och gamla ventilationsanl\u00e4ggningar.\u2028Vi utf\u00f6r luftm\u00e4tningar som snabbt visar om n\u00e5got \u00e4r ur balans eller felaktigt.<\/p>\n<p><strong>OVK-Besiktning<\/strong><br \/>\nVi utf\u00f6r OVK-besiktning p\u00e5 alla f\u00f6rekommande ventilationsanl\u00e4ggningar.<\/p>\n","protected":false},"excerpt":{"rendered":"<p>Injustering Vi injusterar nya och gamla ventilationsanl\u00e4ggningar.\u2028Vi utf\u00f6r luftm\u00e4tningar som snabbt visar om n\u00e5got \u00e4r ur balans eller felaktigt. OVK-Besiktning Vi utf\u00f6r OVK-besiktning p\u00e5 alla f\u00f6rekommande ventilationsanl\u00e4ggningar.<\/p>\n","protected":false},"author":3,"featured_media":57,"parent":0,"menu_order":0,"comment_status":"open","ping_status":"open","template":"","meta":[],"_links":{"self":[{"href":"https:\/\/www.nordiskainomhusklimat.se\/index.php?rest_route=\/wp\/v2\/pages\/15"}],"collection":[{"href":"https:\/\/www.nordiskainomhusklimat.se\/index.php?rest_route=\/wp\/v2\/pages"}],"about":[{"href":"https:\/\/www.nordiskainomhusklimat.se\/index.php?rest_route=\/wp\/v2\/types\/page"}],"author":[{"embeddable":true,"href":"https:\/\/www.nordiskainomhusklimat.se\/index.php?rest_route=\/wp\/v2\/users\/3"}],"replies":[{"embeddable":true,"href":"https:\/\/www.nordiskainomhusklimat.se\/index.php?rest_route=%2Fwp%2Fv2%2Fcomments&post=15"}],"version-history":[{"count":14,"href":"https:\/\/www.nordiskainomhusklimat.se\/index.php?rest_route=\/wp\/v2\/pages\/15\/revisions"}],"predecessor-version":[{"id":68,"href":"https:\/\/www.nordiskainomhusklimat.se\/index.php?rest_route=\/wp\/v2\/pages\/15\/revisions\/68"}],"wp:featuredmedia":[{"embeddable":true,"href":"https:\/\/www.nordiskainomhusklimat.se\/index.php?rest_route=\/wp\/v2\/media\/57"}],"wp:attachment":[{"href":"https:\/\/www.nordiskainomhusklimat.se\/index.php?rest_route=%2Fwp%2Fv2%2Fmedia&parent=15"}],"curies":[{"name":"wp","href":"https:\/\/api.w.org\/{rel}","templated":true}]}}