{"id":13,"date":"2011-10-31T16:27:04","date_gmt":"2011-10-31T16:27:04","guid":{"rendered":"http:\/\/nordiskainomhusklimat.se\/?page_id=13"},"modified":"2012-04-17T10:08:58","modified_gmt":"2012-04-17T10:08:58","slug":"installation","status":"publish","type":"page","link":"https:\/\/www.nordiskainomhusklimat.se\/?page_id=13","title":{"rendered":"Installation"},"content":{"rendered":"<ul>\n<li>Vi har m\u00e5nga \u00e5rs erfarenhet av olika typer av installationer och f\u00f6rm\u00e5nliga avtal med branschens ledande leverant\u00f6rer.<\/li>\n<li>Vi f\u00f6ljer upp och dokumenterar kvalitet, kontrollprogram och kontrollplan via ett projekt- och tidstyrningsprogram kallat Denron.<\/li>\n<li>Vi har t\u00e4t och \u00f6ppen dialog med best\u00e4llaren under projektet g\u00e5ng.<\/li>\n<li>Vi drifts\u00e4tter anl\u00e4ggningar samt injusterar ventilationen efter f\u00e4rdig entreprenad.<\/li>\n<li>Vi uppr\u00e4ttar erfoderliga drift- och sk\u00f6tsel handlingar.<\/li>\n<li>Vi utbildar personal<\/li>\n<\/ul>\n","protected":false},"excerpt":{"rendered":"<p>Vi har m\u00e5nga \u00e5rs erfarenhet av olika typer av installationer och f\u00f6rm\u00e5nliga avtal med branschens ledande leverant\u00f6rer. Vi f\u00f6ljer upp och dokumenterar kvalitet, kontrollprogram och kontrollplan via ett projekt- och tidstyrningsprogram kallat Denron. Vi har t\u00e4t och \u00f6ppen dialog med &hellip; <a href=\"https:\/\/www.nordiskainomhusklimat.se\/?page_id=13\">L\u00e4s mer &raquo;<\/a><\/p>\n","protected":false},"author":3,"featured_media":54,"parent":0,"menu_order":0,"comment_status":"open","ping_status":"open","template":"","meta":[],"_links":{"self":[{"href":"https:\/\/www.nordiskainomhusklimat.se\/index.php?rest_route=\/wp\/v2\/pages\/13"}],"collection":[{"href":"https:\/\/www.nordiskainomhusklimat.se\/index.php?rest_route=\/wp\/v2\/pages"}],"about":[{"href":"https:\/\/www.nordiskainomhusklimat.se\/index.php?rest_route=\/wp\/v2\/types\/page"}],"author":[{"embeddable":true,"href":"https:\/\/www.nordiskainomhusklimat.se\/index.php?rest_route=\/wp\/v2\/users\/3"}],"replies":[{"embeddable":true,"href":"https:\/\/www.nordiskainomhusklimat.se\/index.php?rest_route=%2Fwp%2Fv2%2Fcomments&post=13"}],"version-history":[{"count":7,"href":"https:\/\/www.nordiskainomhusklimat.se\/index.php?rest_route=\/wp\/v2\/pages\/13\/revisions"}],"predecessor-version":[{"id":121,"href":"https:\/\/www.nordiskainomhusklimat.se\/index.php?rest_route=\/wp\/v2\/pages\/13\/revisions\/121"}],"wp:featuredmedia":[{"embeddable":true,"href":"https:\/\/www.nordiskainomhusklimat.se\/index.php?rest_route=\/wp\/v2\/media\/54"}],"wp:attachment":[{"href":"https:\/\/www.nordiskainomhusklimat.se\/index.php?rest_route=%2Fwp%2Fv2%2Fmedia&parent=13"}],"curies":[{"name":"wp","href":"https:\/\/api.w.org\/{rel}","templated":true}]}}